{"id":1116,"date":"2022-02-18T10:17:50","date_gmt":"2022-02-18T08:17:50","guid":{"rendered":"https:\/\/kopius.de\/?page_id=1116"},"modified":"2022-02-18T10:35:07","modified_gmt":"2022-02-18T08:35:07","slug":"pulverbeschichtung","status":"publish","type":"page","link":"https:\/\/kopius.de\/?page_id=1116","title":{"rendered":"Pulverbeschichtung"},"content":{"rendered":"<p><span style=\"color: #000000;\"><strong>Pulverbeschichten ist ein wirtschaftliches Verfahren f\u00fcr die Veredelung von Metalloberfl\u00e4chen. Es ist schnell, umweltfreundlich und die Ergebnisse sind extrem, witterungsbest\u00e4ndig. Nahezu jede Metalloberfl\u00e4che kann pulverbeschichtet werden.<\/strong><\/span><\/p>\n<p><span style=\"color: #000000;\"><strong>Ob Felgen, Achsteile, Metallwerkst\u00fccke aus oder f\u00fcr die Industrie, nahezu jedes metallene Teil kann bei uns beschichtet werden. Dabei haben sie die Wahl zwischen allen g\u00e4ngigen RAL Farbt\u00f6nen, Sonderfarbt\u00f6nen, Feinstrukturen oder glatten Oberfl\u00e4chen.<\/strong><\/span><\/p>\n<p><span style=\"color: #000000;\"><strong>Ma\u00dfe unseres Ofens<\/strong><\/span><br>\n<span style=\"color: #000000;\"><strong>1,10m breit<\/strong><\/span><br>\n<span style=\"color: #000000;\"><strong>1,10m lang<\/strong><\/span><br>\n<span style=\"color: #000000;\"><strong>1,80m hoch<\/strong><\/span><\/p>\n\n\n\n\n<div class=\"alignnormal\"><div id=\"metaslider-id-1140\" style=\"max-width: 900px;\" class=\"ml-slider-3-91-0 metaslider metaslider-flex metaslider-1140 ml-slider ms-theme-default\" role=\"region\" aria-roledescription=\"Slideshow\" aria-label=\"Pulverbeschichtung\">\n    <div id=\"metaslider_container_1140\">\n        <div id=\"metaslider_1140\" class=\"flexslider\">\n            <ul class='slides'>\n                <li style=\"display: block; width: 100%;\" class=\"slide-1141 ms-image \" aria-roledescription=\"slide\" aria-label=\"slide-1141\"><img fetchpriority=\"high\" decoding=\"async\" src=\"https:\/\/kopius.de\/wp-content\/uploads\/2022\/02\/IMG_4561-900x500.webp\" height=\"500\" width=\"900\" alt=\"\" class=\"slider-1140 slide-1141\" title=\"IMG_4561\" \/><\/li>\n                <li style=\"display: none; width: 100%;\" class=\"slide-1142 ms-image \" aria-roledescription=\"slide\" aria-label=\"slide-1142\"><img decoding=\"async\" src=\"https:\/\/kopius.de\/wp-content\/uploads\/2022\/02\/IMG_4588-900x500.webp\" height=\"500\" width=\"900\" alt=\"\" class=\"slider-1140 slide-1142\" title=\"IMG_4588\" \/><\/li>\n                <li style=\"display: none; width: 100%;\" class=\"slide-1143 ms-image \" aria-roledescription=\"slide\" aria-label=\"slide-1143\"><img decoding=\"async\" src=\"https:\/\/kopius.de\/wp-content\/uploads\/2022\/02\/IMG_4567-900x500.webp\" height=\"500\" width=\"900\" alt=\"\" class=\"slider-1140 slide-1143\" title=\"IMG_4567\" \/><\/li>\n                <li style=\"display: none; width: 100%;\" class=\"slide-1144 ms-image \" aria-roledescription=\"slide\" aria-label=\"slide-1144\"><img loading=\"lazy\" decoding=\"async\" src=\"https:\/\/kopius.de\/wp-content\/uploads\/2022\/02\/IMG_4559-900x500.webp\" height=\"500\" width=\"900\" alt=\"\" class=\"slider-1140 slide-1144\" title=\"IMG_4559\" \/><\/li>\n                <li style=\"display: none; width: 100%;\" class=\"slide-1145 ms-image \" aria-roledescription=\"slide\" aria-label=\"slide-1145\"><img loading=\"lazy\" decoding=\"async\" src=\"https:\/\/kopius.de\/wp-content\/uploads\/2022\/02\/IMG_4554-900x500.webp\" height=\"500\" width=\"900\" alt=\"\" class=\"slider-1140 slide-1145\" title=\"IMG_4554\" \/><\/li>\n                <li style=\"display: none; width: 100%;\" class=\"slide-1146 ms-image \" aria-roledescription=\"slide\" aria-label=\"slide-1146\"><img loading=\"lazy\" decoding=\"async\" src=\"https:\/\/kopius.de\/wp-content\/uploads\/2022\/02\/IMG_4471-900x500.webp\" height=\"500\" width=\"900\" alt=\"\" class=\"slider-1140 slide-1146\" title=\"IMG_4471\" \/><\/li>\n                <li style=\"display: none; width: 100%;\" class=\"slide-1147 ms-image \" aria-roledescription=\"slide\" aria-label=\"slide-1147\"><img loading=\"lazy\" decoding=\"async\" src=\"https:\/\/kopius.de\/wp-content\/uploads\/2022\/02\/IMG_4640-900x500.webp\" height=\"500\" width=\"900\" alt=\"\" class=\"slider-1140 slide-1147\" title=\"IMG_4640\" \/><\/li>\n                <li style=\"display: none; width: 100%;\" class=\"slide-1148 ms-image \" aria-roledescription=\"slide\" aria-label=\"slide-1148\"><img loading=\"lazy\" decoding=\"async\" src=\"https:\/\/kopius.de\/wp-content\/uploads\/2022\/02\/IMG_4641-900x500.webp\" height=\"500\" width=\"900\" alt=\"\" class=\"slider-1140 slide-1148\" title=\"IMG_4641\" \/><\/li>\n            <\/ul>\n        <\/div>\n        \n    <\/div>\n<\/div><\/div>\n","protected":false},"excerpt":{"rendered":"<p>Pulverbeschichten ist ein wirtschaftliches Verfahren f\u00fcr die Veredelung von Metalloberfl\u00e4chen. Es ist schnell, umweltfreundlich und die Ergebnisse sind extrem, witterungsbest\u00e4ndig. Nahezu jede Metalloberfl\u00e4che kann pulverbeschichtet werden. Ob Felgen, Achsteile, Metallwerkst\u00fccke aus oder f\u00fcr die Industrie, nahezu jedes metallene Teil kann bei uns beschichtet werden. Dabei haben sie die Wahl zwischen allen g\u00e4ngigen RAL Farbt\u00f6nen, Sonderfarbt\u00f6nen,&hellip; <br \/> <a class=\"read-more\" href=\"https:\/\/kopius.de\/?page_id=1116\">Weiterlesen<\/a><\/p>\n","protected":false},"author":3,"featured_media":1130,"parent":0,"menu_order":0,"comment_status":"closed","ping_status":"closed","template":"","meta":{"footnotes":""},"class_list":["post-1116","page","type-page","status-publish","has-post-thumbnail","hentry"],"jetpack_sharing_enabled":true,"_links":{"self":[{"href":"https:\/\/kopius.de\/index.php?rest_route=\/wp\/v2\/pages\/1116","targetHints":{"allow":["GET"]}}],"collection":[{"href":"https:\/\/kopius.de\/index.php?rest_route=\/wp\/v2\/pages"}],"about":[{"href":"https:\/\/kopius.de\/index.php?rest_route=\/wp\/v2\/types\/page"}],"author":[{"embeddable":true,"href":"https:\/\/kopius.de\/index.php?rest_route=\/wp\/v2\/users\/3"}],"replies":[{"embeddable":true,"href":"https:\/\/kopius.de\/index.php?rest_route=%2Fwp%2Fv2%2Fcomments&post=1116"}],"version-history":[{"count":5,"href":"https:\/\/kopius.de\/index.php?rest_route=\/wp\/v2\/pages\/1116\/revisions"}],"predecessor-version":[{"id":1149,"href":"https:\/\/kopius.de\/index.php?rest_route=\/wp\/v2\/pages\/1116\/revisions\/1149"}],"wp:featuredmedia":[{"embeddable":true,"href":"https:\/\/kopius.de\/index.php?rest_route=\/wp\/v2\/media\/1130"}],"wp:attachment":[{"href":"https:\/\/kopius.de\/index.php?rest_route=%2Fwp%2Fv2%2Fmedia&parent=1116"}],"curies":[{"name":"wp","href":"https:\/\/api.w.org\/{rel}","templated":true}]}}