{"id":151,"date":"2018-02-07T22:20:22","date_gmt":"2018-02-07T22:20:22","guid":{"rendered":"http:\/\/blog.kopius.de\/?page_id=151"},"modified":"2019-01-03T11:26:16","modified_gmt":"2019-01-03T09:26:16","slug":"fragen-antworten","status":"publish","type":"page","link":"https:\/\/kopius.de\/?page_id=151","title":{"rendered":"Fragen &#038; Antworten"},"content":{"rendered":"<p><span style=\"color: #000000;\"><strong>1. Welche Fahrzeuge kann man bei Autohaus Kopius kaufen?<\/strong><\/span><\/p>\n<p><span style=\"color: #000000;\">Bei uns k\u00f6nnen Sie Neu- sowie Gebrauchtwagen kaufen. Auch EU- Neufahrzeuge sowie g\u00fcnstige Tageszulassungen k\u00f6nnen wir Ihnen anbieten. Des Weiteren k\u00f6nnen wir deutsche Neuwagen zu guten Konditionen bestellen.<\/span><\/p>\n<p><span style=\"color: #000000;\"><strong>2. Welche Autos sind sofort verf\u00fcgbar?<\/strong><\/span><\/p>\n<p><span style=\"color: #000000;\">Da die W\u00fcnsche der Kunden und die Preise am Markt st\u00e4ndig ver\u00e4ndern haben wir eine gute Auswahl an Lagerfahrzeugen vor Ort. Diese k\u00f6nnen jederzeit Probe gefahren werden.<\/span><\/p>\n<p><span style=\"color: #000000;\"><strong>3. Was ist wenn mein Wunschfahrzeug nicht dabei ist?<\/strong><\/span><\/p>\n<p><span style=\"color: #000000;\">Das ist kein Problem. Wir haben auf unserer Internetseite eine B\u00f6rse mit \u00fcber 10.000 Fahrzeugen. Diese stehen bei H\u00e4ndlerkollegen und sind innerhalb k\u00fcrzester Zeit durch uns verf\u00fcgbar.<\/span><\/p>\n<p><span style=\"color: #000000;\"><strong>4. Gibt es noch andere M\u00f6glichkeiten mein Traumwagen zu finden?<\/strong><\/span><\/p>\n<p><span style=\"color: #000000;\">Da wir \u00fcber die B\u00f6rse hinaus noch weitere H\u00e4ndlerquellen und Kontakte haben k\u00f6nnen wir Ihnen nahezu jedes Fahrzeug beschaffen.<\/span><\/p>\n<p><span style=\"color: #000000;\"><strong>5. Muss ich Fahrzeuge die nicht bei uns auf dem Hof stehen &#8222;blind&#8220; kaufen?<\/strong><\/span><\/p>\n<p><span style=\"color: #000000;\">Nein, denn jedes Fahrzeug aus unserer B\u00f6rse oder jedes welches wir Ihnen individuell anbieten nur von uns bekannten und Seri\u00f6sen H\u00e4ndlern bezogen werden. Wir garantieren das die Ausstattung wie angegeben ist und die Fahrzeuge in tadellosem Zustand sind.<\/span><\/p>\n<p><span style=\"color: #000000;\"><strong>6. Wie l\u00e4uft sowas ab?<\/strong><\/span><\/p>\n<p><span style=\"color: #000000;\">Endscheiden Sie sich f\u00fcr das Fahrzeug, wird es von uns angekauft und innerhalb weniger Tage zu uns geholt. Hier k\u00f6nnen Sie das Auto in Augenschein nehmen und Probe fahren. Danach wird ein \u00dcbergabetag vereinbart und die Zulassung besprochen. Am vereinbarten Tag holen Sie ihr neues Fahrzeug bei uns ab. Nat\u00fcrlich technisch durchgecheckt und top aufbereitet. Hier nehmen wir uns genug Zeit ihnen alle Funktionen ihres neuen Autos zu erkl\u00e4ren.<\/span><\/p>\n<p><span style=\"color: #000000;\"><strong>7. Wie sieht es mit Garantie aus?<\/strong><\/span><\/p>\n<p><span style=\"color: #000000;\">Bei Neuwagen besteht die originale Werksgarantie, welche mindestens 2 Jahre, bei manchen Herstellern sogar 3 Jahre betr\u00e4gt. Bei Gebrauchtwagen geben wir ihnen ein Jahr die gesetzliche Gew\u00e4hrleistung.<\/span><\/p>\n<p><span style=\"color: #000000;\"><strong>8. Kann ich mein altes Auto in Zahlung geben?<\/strong><\/span><\/p>\n<p><span style=\"color: #000000;\">Ja, gerne nehmen wir Ihren Gebrauchten in Zahlung. Wir ermitteln den Wert Ihres Fahrzeuges nach DAT sowie nach technischer und optischer Begutachtung.<\/span><\/p>\n<p><span style=\"color: #000000;\"><strong>9. Ist eine Finanzierung oder ein Leasing m\u00f6glich?<\/strong><\/span><\/p>\n<p><span style=\"color: #000000;\">Ja, gerne unterbreiten wir Ihnen ein individuell nach Ihren W\u00fcnschen angepasstes Leasing- bzw. Finanzierungsangebot.<\/span><\/p>\n<p><span style=\"color: #000000;\"><strong>10. Kann ich mein neues Auto zur Inspektion in das Autohaus Kopius bringen?<\/strong><\/span><\/p>\n<p><span style=\"color: #000000;\">Ja, denn wir f\u00fchren jede Inspektion nach Herstellervorgaben durch. Somit entstehen keine Probleme mit der Herstellergarantie.<\/span><\/p>\n","protected":false},"excerpt":{"rendered":"<p>1. Welche Fahrzeuge kann man bei Autohaus Kopius kaufen? Bei uns k\u00f6nnen Sie Neu- sowie Gebrauchtwagen kaufen. Auch EU- Neufahrzeuge sowie g\u00fcnstige Tageszulassungen k\u00f6nnen wir Ihnen anbieten. Des Weiteren k\u00f6nnen wir deutsche Neuwagen zu guten Konditionen bestellen. 2. Welche Autos sind sofort verf\u00fcgbar? Da die W\u00fcnsche der Kunden und die Preise am Markt st\u00e4ndig ver\u00e4ndern&hellip; <br \/> <a class=\"read-more\" href=\"https:\/\/kopius.de\/?page_id=151\">Weiterlesen<\/a><\/p>\n","protected":false},"author":1,"featured_media":29,"parent":0,"menu_order":0,"comment_status":"closed","ping_status":"closed","template":"","meta":{"footnotes":""},"class_list":["post-151","page","type-page","status-publish","has-post-thumbnail","hentry"],"jetpack_sharing_enabled":true,"_links":{"self":[{"href":"https:\/\/kopius.de\/index.php?rest_route=\/wp\/v2\/pages\/151","targetHints":{"allow":["GET"]}}],"collection":[{"href":"https:\/\/kopius.de\/index.php?rest_route=\/wp\/v2\/pages"}],"about":[{"href":"https:\/\/kopius.de\/index.php?rest_route=\/wp\/v2\/types\/page"}],"author":[{"embeddable":true,"href":"https:\/\/kopius.de\/index.php?rest_route=\/wp\/v2\/users\/1"}],"replies":[{"embeddable":true,"href":"https:\/\/kopius.de\/index.php?rest_route=%2Fwp%2Fv2%2Fcomments&post=151"}],"version-history":[{"count":8,"href":"https:\/\/kopius.de\/index.php?rest_route=\/wp\/v2\/pages\/151\/revisions"}],"predecessor-version":[{"id":800,"href":"https:\/\/kopius.de\/index.php?rest_route=\/wp\/v2\/pages\/151\/revisions\/800"}],"wp:featuredmedia":[{"embeddable":true,"href":"https:\/\/kopius.de\/index.php?rest_route=\/wp\/v2\/media\/29"}],"wp:attachment":[{"href":"https:\/\/kopius.de\/index.php?rest_route=%2Fwp%2Fv2%2Fmedia&parent=151"}],"curies":[{"name":"wp","href":"https:\/\/api.w.org\/{rel}","templated":true}]}}