{"id":153,"date":"2018-02-07T22:21:06","date_gmt":"2018-02-07T20:21:06","guid":{"rendered":"http:\/\/blog.kopius.de\/?page_id=153"},"modified":"2020-04-15T13:59:46","modified_gmt":"2020-04-15T11:59:46","slug":"werkstatt-service","status":"publish","type":"page","link":"https:\/\/kopius.de\/?page_id=153","title":{"rendered":"Werkstatt \/ Service"},"content":{"rendered":"<div id=\"pl-153\" class=\"panel-layout\">\n<div id=\"pg-153-0\" class=\"panel-grid panel-no-style\">\n<div id=\"pgc-153-0-0\" class=\"panel-grid-cell\" data-weight=\"1\">\n<div id=\"panel-153-0-0-0\" class=\"so-panel widget widget_sow-editor panel-first-child panel-last-child\" data-index=\"0\" data-style=\"{&quot;background_image_attachment&quot;:false,&quot;background_display&quot;:&quot;tile&quot;,&quot;font_color&quot;:&quot;#000000&quot;}\">\n<div class=\"panel-widget-style panel-widget-style-for-153-0-0-0\">\n<div class=\"so-widget-sow-editor so-widget-sow-editor-base\">\n<div class=\"siteorigin-widget-tinymce textwidget\">\n<div id=\"pg-155-0\" class=\"panel-grid panel-no-style\">\n<div id=\"pgc-155-0-0\" class=\"panel-grid-cell\">\n<div id=\"panel-155-0-0-0\" class=\"so-panel widget widget_sow-editor panel-first-child panel-last-child\" data-index=\"0\">\n<div class=\"so-widget-sow-editor so-widget-sow-editor-base\">\n<div class=\"siteorigin-widget-tinymce textwidget\">\n<p><span style=\"color: #000000;\"><strong>In unserer PKW-Werkstatt bieten wir s\u00e4mtliche Service-, Reperatur- und Instandsetzungsarbeiten f\u00fcr ihren PKW an.<\/strong><\/span><\/p>\n<p><span style=\"color: #000000;\"><strong>Auf 9 Hebeb\u00fchnen k\u00f6nnen wir unteranderem auch gr\u00f6\u00dfere Nutzfahrzeuge bedienen.<\/strong><\/span><\/p>\n<h2><span style=\"text-decoration: underline; color: #000000;\"><strong>Unser Serviceangebot:<\/strong><\/span><\/h2>\n<p><span style=\"color: #000000;\"><strong>&#8211; Getriebe\u00f6lsp\u00fclungen f\u00fcr s\u00e4mtliche Automatikgetriebe <br \/><\/strong><\/span><\/p>\n<p><span style=\"color: #000000;\"><strong>&#8211; Service und Instandhaltung von Fahrzeugen aller Art<\/strong><\/span><\/p>\n<p><span style=\"color: #000000;\"><strong>&#8211; Service und Inspektion nach Herstellervorgaben<br \/><\/strong><\/span><\/p>\n<p><span style=\"color: #000000;\"><strong>&#8211; T\u00dcV Abnahmen (t\u00e4glich von Montag bis Freitag)<br \/><\/strong><\/span><\/p>\n<p><span style=\"color: #000000;\"><strong>&#8211; Fehlersuche \/ Diagnose elektronischer Systeme am Fahrzeug<\/strong><\/span><\/p>\n<p><span style=\"color: #000000;\"><strong>&#8211; Unfallschadeninstandsetzung<\/strong><\/span><\/p>\n<p><span style=\"color: #000000;\"><strong>&#8211; Klimaanlagenservice<br \/><\/strong><\/span><\/p>\n<p><span style=\"color: #000000;\"><strong>&#8211; Elektronische Fahrwerksvermessung<\/strong><\/span><\/p>\n<p><span style=\"color: #000000;\"><strong>&#8211; R\u00e4derservice\/Einlagerung<\/strong><\/span><\/p>\n<\/div>\n<\/div>\n<\/div>\n<\/div>\n<\/div>\n<\/div>\n<\/div>\n<\/div>\n<\/div>\n<\/div>\n<\/div>\n<div id=\"pg-153-1\" class=\"panel-grid panel-no-style\" data-style=\"{&quot;background_image_attachment&quot;:false,&quot;background_display&quot;:&quot;tile&quot;,&quot;cell_alignment&quot;:&quot;flex-start&quot;}\" data-ratio=\"1\" data-ratio-direction=\"right\">\n<div id=\"pgc-153-1-0\" class=\"panel-grid-cell panel-grid-cell-empty\" data-weight=\"0.14969931271478\">\u00a0<\/div>\n<div id=\"pgc-153-1-1\" class=\"panel-grid-cell panel-grid-cell-mobile-last\" data-weight=\"0.70060137457045\">\n<div id=\"panel-153-1-1-0\" class=\"so-panel widget widget_metaslider_widget panel-first-child panel-last-child\" data-index=\"1\" data-style=\"{&quot;background_image_attachment&quot;:false,&quot;background_display&quot;:&quot;tile&quot;}\"><div id=\"metaslider-id-460\" style=\"max-width: 900px;\" class=\"ml-slider-3-91-0 metaslider metaslider-flex metaslider-460 ml-slider ms-theme-default\" role=\"region\" aria-roledescription=\"Slideshow\" aria-label=\"Werkstatt\">\n    <div id=\"metaslider_container_460\">\n        <div id=\"metaslider_460\" class=\"flexslider\">\n            <ul class='slides'>\n                <li style=\"display: block; width: 100%;\" class=\"slide-909 ms-image \" aria-roledescription=\"slide\" aria-label=\"slide-909\"><img fetchpriority=\"high\" decoding=\"async\" src=\"https:\/\/kopius.de\/wp-content\/uploads\/2020\/04\/Getriebesp\u00fcl-511x283.webp\" height=\"500\" width=\"900\" alt=\"\" class=\"slider-460 slide-909\" title=\"Getriebesp\u00fcl\" \/><\/li>\n                <li style=\"display: none; width: 100%;\" class=\"slide-461 ms-image \" aria-roledescription=\"slide\" aria-label=\"slide-461\"><img decoding=\"async\" src=\"https:\/\/kopius.de\/wp-content\/uploads\/2018\/02\/IMG_9528-900x500.webp\" height=\"500\" width=\"900\" alt=\"\" class=\"slider-460 slide-461\" title=\"IMG_9528\" \/><\/li>\n                <li style=\"display: none; width: 100%;\" class=\"slide-462 ms-image \" aria-roledescription=\"slide\" aria-label=\"slide-462\"><img decoding=\"async\" src=\"https:\/\/kopius.de\/wp-content\/uploads\/2018\/02\/IMG_9527-900x500.webp\" height=\"500\" width=\"900\" alt=\"\" class=\"slider-460 slide-462\" title=\"IMG_9527\" \/><\/li>\n                <li style=\"display: none; width: 100%;\" class=\"slide-463 ms-image \" aria-roledescription=\"slide\" aria-label=\"slide-463\"><img loading=\"lazy\" decoding=\"async\" src=\"https:\/\/kopius.de\/wp-content\/uploads\/2018\/02\/IMG_9526-900x500.webp\" height=\"500\" width=\"900\" alt=\"\" class=\"slider-460 slide-463\" title=\"IMG_9526\" \/><\/li>\n                <li style=\"display: none; width: 100%;\" class=\"slide-464 ms-image \" aria-roledescription=\"slide\" aria-label=\"slide-464\"><img loading=\"lazy\" decoding=\"async\" src=\"https:\/\/kopius.de\/wp-content\/uploads\/2018\/02\/IMG_6119-900x500.webp\" height=\"500\" width=\"900\" alt=\"\" class=\"slider-460 slide-464\" title=\"IMG_6119\" \/><\/li>\n                <li style=\"display: none; width: 100%;\" class=\"slide-465 ms-image \" aria-roledescription=\"slide\" aria-label=\"slide-465\"><img loading=\"lazy\" decoding=\"async\" src=\"https:\/\/kopius.de\/wp-content\/uploads\/2018\/02\/IMG_6118-900x500.webp\" height=\"500\" width=\"900\" alt=\"\" class=\"slider-460 slide-465\" title=\"IMG_6118\" \/><\/li>\n                <li style=\"display: none; width: 100%;\" class=\"slide-466 ms-image \" aria-roledescription=\"slide\" aria-label=\"slide-466\"><img loading=\"lazy\" decoding=\"async\" src=\"https:\/\/kopius.de\/wp-content\/uploads\/2018\/02\/IMG_6106-900x500.webp\" height=\"500\" width=\"900\" alt=\"\" class=\"slider-460 slide-466\" title=\"IMG_6106\" \/><\/li>\n                <li style=\"display: none; width: 100%;\" class=\"slide-467 ms-image \" aria-roledescription=\"slide\" aria-label=\"slide-467\"><img loading=\"lazy\" decoding=\"async\" src=\"https:\/\/kopius.de\/wp-content\/uploads\/2018\/02\/IMG_8014-900x500.webp\" height=\"500\" width=\"900\" alt=\"\" class=\"slider-460 slide-467\" title=\"IMG_8014\" \/><\/li>\n                <li style=\"display: none; width: 100%;\" class=\"slide-468 ms-image \" aria-roledescription=\"slide\" aria-label=\"slide-468\"><img loading=\"lazy\" decoding=\"async\" src=\"https:\/\/kopius.de\/wp-content\/uploads\/2018\/02\/IMG_8011-900x500.webp\" height=\"500\" width=\"900\" alt=\"\" class=\"slider-460 slide-468\" title=\"IMG_8011\" \/><\/li>\n            <\/ul>\n        <\/div>\n        \n    <\/div>\n<\/div><\/div>\n<\/div>\n<div id=\"pgc-153-1-2\" class=\"panel-grid-cell panel-grid-cell-empty\" data-weight=\"0.14969931271478\">\u00a0<\/div>\n<\/div>\n<\/div>\n\n\n<p><\/p>\n","protected":false},"excerpt":{"rendered":"<p>In unserer PKW-Werkstatt bieten wir s\u00e4mtliche Service-, Reperatur- und Instandsetzungsarbeiten f\u00fcr ihren PKW an. Auf 9 Hebeb\u00fchnen k\u00f6nnen wir unteranderem auch gr\u00f6\u00dfere Nutzfahrzeuge bedienen. Unser Serviceangebot: &#8211; Getriebe\u00f6lsp\u00fclungen f\u00fcr s\u00e4mtliche Automatikgetriebe &#8211; Service und Instandhaltung von Fahrzeugen aller Art &#8211; Service und Inspektion nach Herstellervorgaben &#8211; T\u00dcV Abnahmen (t\u00e4glich von Montag bis Freitag) &#8211; Fehlersuche&hellip; <br \/> <a class=\"read-more\" href=\"https:\/\/kopius.de\/?page_id=153\">Weiterlesen<\/a><\/p>\n","protected":false},"author":3,"featured_media":0,"parent":0,"menu_order":0,"comment_status":"closed","ping_status":"closed","template":"","meta":{"footnotes":""},"class_list":["post-153","page","type-page","status-publish","hentry"],"jetpack_sharing_enabled":true,"_links":{"self":[{"href":"https:\/\/kopius.de\/index.php?rest_route=\/wp\/v2\/pages\/153","targetHints":{"allow":["GET"]}}],"collection":[{"href":"https:\/\/kopius.de\/index.php?rest_route=\/wp\/v2\/pages"}],"about":[{"href":"https:\/\/kopius.de\/index.php?rest_route=\/wp\/v2\/types\/page"}],"author":[{"embeddable":true,"href":"https:\/\/kopius.de\/index.php?rest_route=\/wp\/v2\/users\/3"}],"replies":[{"embeddable":true,"href":"https:\/\/kopius.de\/index.php?rest_route=%2Fwp%2Fv2%2Fcomments&post=153"}],"version-history":[{"count":21,"href":"https:\/\/kopius.de\/index.php?rest_route=\/wp\/v2\/pages\/153\/revisions"}],"predecessor-version":[{"id":907,"href":"https:\/\/kopius.de\/index.php?rest_route=\/wp\/v2\/pages\/153\/revisions\/907"}],"wp:attachment":[{"href":"https:\/\/kopius.de\/index.php?rest_route=%2Fwp%2Fv2%2Fmedia&parent=153"}],"curies":[{"name":"wp","href":"https:\/\/api.w.org\/{rel}","templated":true}]}}