{"id":362,"date":"2018-02-24T13:52:19","date_gmt":"2018-02-24T12:52:19","guid":{"rendered":"http:\/\/blog.kopius.de\/?page_id=362"},"modified":"2019-01-03T11:24:11","modified_gmt":"2019-01-03T09:24:11","slug":"lackiererei","status":"publish","type":"page","link":"https:\/\/kopius.de\/?page_id=362","title":{"rendered":"Lackiererei"},"content":{"rendered":"<div id=\"pl-362\"  class=\"panel-layout\" ><div id=\"pg-362-0\"  class=\"panel-grid panel-no-style\" ><div id=\"pgc-362-0-0\"  class=\"panel-grid-cell\" ><div id=\"panel-362-0-0-0\" class=\"so-panel widget widget_sow-editor panel-first-child panel-last-child\" data-index=\"0\" ><div class=\"panel-widget-style panel-widget-style-for-362-0-0-0\" ><div\n\t\t\t\n\t\t\tclass=\"so-widget-sow-editor so-widget-sow-editor-base\"\n\t\t\t\n\t\t>\n<div class=\"siteorigin-widget-tinymce textwidget\">\n\t<p><strong>In unserer Lackiererei bieten wir von der Reperaturlackierung bis hin zur Ganzlackierung von PKW auch Lackierungen von gr\u00f6\u00dferen Fahrzeugen wie LKW oder Bagger an. Auch Alufelgen mit Bordsteinsch\u00e4den k\u00f6nnen wir unstandsetzen. Hierbei ist es egal ob die Felge lackiert oder glanzgedreht ist. Im Bereich der Industrielackierung sind wir ebenfalls ihr kompetenter Partner.\u00a0 Bei Fragen oder individuellen W\u00fcnschen sprechen Sie uns einfach an.<\/strong><\/p>\n<p><strong>Unsere Leistungen:<br \/> <\/strong><\/p>\n<p><strong>- Lackierkabine f\u00fcr PKW und 2 gro\u00dfe Kabinen f\u00fcr Industrielackierung oder gro\u00dfen Fahrzeugen wie LKW oder Landmaschinen\/Baumaschinen<\/strong><\/p>\n<p><strong>- Unfallschadeninstandsetzung<\/strong><\/p>\n<p><strong>- Reperaturlackierung<\/strong><\/p>\n<p><strong>- Ganzlackierung<br \/> <\/strong><\/p>\n<p><strong>- Smart- Repair<\/strong><\/p>\n<p><strong>- Felgenreperatur (lackierte sowie glanzgedrehte Felgen)<\/strong><\/p>\n<p><strong>- Industrielackierung<\/strong><\/p>\n<p><strong>- Bau- und Landmaschinenlackierung<\/strong><\/p>\n<p><strong>- Nutzfahrzeuglackierung<br \/> <\/strong><\/p>\n<p><strong>\u00a0<\/strong><\/p>\n<\/div>\n<\/div><\/div><\/div><\/div><div id=\"pgc-362-0-1\"  class=\"panel-grid-cell\" ><div id=\"panel-362-0-1-0\" class=\"so-panel widget widget_metaslider_widget panel-first-child panel-last-child\" data-index=\"1\" ><h3 class=\"widget-title\">Hier ein paar Einblicke unserer Arbeit<\/h3><div id=\"metaslider-id-406\" style=\"max-width: 700px;\" class=\"ml-slider-3-91-0 metaslider metaslider-flex metaslider-406 ml-slider ms-theme-default\" role=\"region\" aria-roledescription=\"Slideshow\" aria-label=\"Lackiererei\">\n    <div id=\"metaslider_container_406\">\n        <div id=\"metaslider_406\">\n            <ul class='slides'>\n                <li style=\"display: block; width: 100%;\" class=\"slide-736 ms-image \" aria-roledescription=\"slide\" aria-label=\"slide-736\"><img fetchpriority=\"high\" decoding=\"async\" src=\"https:\/\/kopius.de\/wp-content\/uploads\/2018\/07\/IMG_0649-700x300.webp\" height=\"300\" width=\"700\" alt=\"\" class=\"slider-406 slide-736\" title=\"IMG_0649\" \/><\/li>\n                <li style=\"display: none; width: 100%;\" class=\"slide-408 ms-image \" aria-roledescription=\"slide\" aria-label=\"slide-408\"><img decoding=\"async\" src=\"https:\/\/kopius.de\/wp-content\/uploads\/2018\/02\/Lackiererei-3-700x300.webp\" height=\"300\" width=\"700\" alt=\"\" class=\"slider-406 slide-408\" \/><\/li>\n                <li style=\"display: none; width: 100%;\" class=\"slide-735 ms-image \" aria-roledescription=\"slide\" aria-label=\"slide-735\"><img decoding=\"async\" src=\"https:\/\/kopius.de\/wp-content\/uploads\/2018\/07\/IMG_0648-700x300.webp\" height=\"300\" width=\"700\" alt=\"\" class=\"slider-406 slide-735\" title=\"IMG_0648\" \/><div class=\"caption-wrap\"><div class=\"caption\">Industrielackierung <\/div><\/div><\/li>\n                <li style=\"display: none; width: 100%;\" class=\"slide-407 ms-image \" aria-roledescription=\"slide\" aria-label=\"slide-407\"><img loading=\"lazy\" decoding=\"async\" src=\"https:\/\/kopius.de\/wp-content\/uploads\/2018\/02\/dscf2189-700x300.webp\" height=\"300\" width=\"700\" alt=\"\" class=\"slider-406 slide-407\" \/><div class=\"caption-wrap\"><div class=\"caption\">Neues Kleid f\u00fcr diesen SUV.<\/div><\/div><\/li>\n                <li style=\"display: none; width: 100%;\" class=\"slide-409 ms-image \" aria-roledescription=\"slide\" aria-label=\"slide-409\"><img loading=\"lazy\" decoding=\"async\" src=\"https:\/\/kopius.de\/wp-content\/uploads\/2018\/02\/Lackiererei-2-700x300.webp\" height=\"300\" width=\"700\" alt=\"\" class=\"slider-406 slide-409\" \/><\/li>\n                <li style=\"display: none; width: 100%;\" class=\"slide-410 ms-image \" aria-roledescription=\"slide\" aria-label=\"slide-410\"><img loading=\"lazy\" decoding=\"async\" src=\"https:\/\/kopius.de\/wp-content\/uploads\/2018\/02\/Lackiererei-5-700x300.webp\" height=\"300\" width=\"700\" alt=\"\" class=\"slider-406 slide-410\" \/><\/li>\n                <li style=\"display: none; width: 100%;\" class=\"slide-411 ms-image \" aria-roledescription=\"slide\" aria-label=\"slide-411\"><img loading=\"lazy\" decoding=\"async\" src=\"https:\/\/kopius.de\/wp-content\/uploads\/2018\/02\/Lackiererei-4-700x300.webp\" height=\"300\" width=\"700\" alt=\"\" class=\"slider-406 slide-411\" \/><\/li>\n                <li style=\"display: none; width: 100%;\" class=\"slide-412 ms-image \" aria-roledescription=\"slide\" aria-label=\"slide-412\"><img loading=\"lazy\" decoding=\"async\" src=\"https:\/\/kopius.de\/wp-content\/uploads\/2018\/02\/Lackiererei-1-700x300.webp\" height=\"300\" width=\"700\" alt=\"\" class=\"slider-406 slide-412\" \/><div class=\"caption-wrap\"><div class=\"caption\">Unsere neue Lackierkabine f\u00fcr Industrielackierungen.\n<\/div><\/div><\/li>\n            <\/ul>\n        <\/div>\n        \n    <\/div>\n<\/div><\/div><\/div><\/div><\/div>","protected":false},"excerpt":{"rendered":"<p>In unserer Lackiererei bieten wir von der Reperaturlackierung bis hin zur Ganzlackierung von PKW auch Lackierungen von gr\u00f6\u00dferen Fahrzeugen wie LKW oder Bagger an. Auch Alufelgen mit Bordsteinsch\u00e4den k\u00f6nnen wir unstandsetzen. Hierbei ist es egal ob die Felge lackiert oder glanzgedreht ist. Im Bereich der Industrielackierung sind wir ebenfalls ihr kompetenter Partner.\u00a0 Bei Fragen oder&hellip; <br \/> <a class=\"read-more\" href=\"https:\/\/kopius.de\/?page_id=362\">Weiterlesen<\/a><\/p>\n","protected":false},"author":2,"featured_media":21,"parent":0,"menu_order":0,"comment_status":"closed","ping_status":"closed","template":"","meta":{"footnotes":""},"class_list":["post-362","page","type-page","status-publish","has-post-thumbnail","hentry"],"jetpack_sharing_enabled":true,"_links":{"self":[{"href":"https:\/\/kopius.de\/index.php?rest_route=\/wp\/v2\/pages\/362","targetHints":{"allow":["GET"]}}],"collection":[{"href":"https:\/\/kopius.de\/index.php?rest_route=\/wp\/v2\/pages"}],"about":[{"href":"https:\/\/kopius.de\/index.php?rest_route=\/wp\/v2\/types\/page"}],"author":[{"embeddable":true,"href":"https:\/\/kopius.de\/index.php?rest_route=\/wp\/v2\/users\/2"}],"replies":[{"embeddable":true,"href":"https:\/\/kopius.de\/index.php?rest_route=%2Fwp%2Fv2%2Fcomments&post=362"}],"version-history":[{"count":17,"href":"https:\/\/kopius.de\/index.php?rest_route=\/wp\/v2\/pages\/362\/revisions"}],"predecessor-version":[{"id":798,"href":"https:\/\/kopius.de\/index.php?rest_route=\/wp\/v2\/pages\/362\/revisions\/798"}],"wp:featuredmedia":[{"embeddable":true,"href":"https:\/\/kopius.de\/index.php?rest_route=\/wp\/v2\/media\/21"}],"wp:attachment":[{"href":"https:\/\/kopius.de\/index.php?rest_route=%2Fwp%2Fv2%2Fmedia&parent=362"}],"curies":[{"name":"wp","href":"https:\/\/api.w.org\/{rel}","templated":true}]}}