{"id":364,"date":"2018-02-24T14:52:19","date_gmt":"2018-02-24T12:52:19","guid":{"rendered":"http:\/\/blog.kopius.de\/?page_id=364"},"modified":"2024-02-14T19:42:31","modified_gmt":"2024-02-14T17:42:31","slug":"waschstrasse","status":"publish","type":"page","link":"https:\/\/kopius.de\/?page_id=364","title":{"rendered":"Waschstra\u00dfe"},"content":{"rendered":"<div id=\"pl-364\"  class=\"panel-layout\" ><div id=\"pg-364-0\"  class=\"panel-grid panel-no-style\" ><div id=\"pgc-364-0-0\"  class=\"panel-grid-cell\" ><div id=\"panel-364-0-0-0\" class=\"so-panel widget widget_sow-editor panel-first-child panel-last-child\" data-index=\"0\" ><div class=\"panel-widget-style panel-widget-style-for-364-0-0-0\" ><div\n\t\t\t\n\t\t\tclass=\"so-widget-sow-editor so-widget-sow-editor-base\"\n\t\t\t\n\t\t>\n<div class=\"siteorigin-widget-tinymce textwidget\">\n\t<p><strong>In unserer modernen Waschstra\u00dfe wird ihr Fahrzeug gr\u00fcndlich gereinigt. Nach dem einer unserer Mitarbeiter eine gr\u00fcndliche Vorw\u00e4sche gemacht hat wird ihr Auto voll automatisch durch die Anlage gezogen und gewaschen. <\/strong><strong>Neue Textilb\u00fcrsten schonen den Lack und ein breites Kunstsofff\u00f6r<\/strong><strong>derband ihre Felgen. Auf Wunsch k\u00f6nnen Sie unser Premium Waschprogramm w\u00e4hlen und ihren Wagen mit der neuen ShineTecs Politur auf Hochglanz bringen. <\/strong><\/p>\n<p><strong>Unser Waschprogramm:<\/strong><\/p>\n<p><strong>- Premium\u00a0\u00a0\u00a0\u00a0\u00a0\u00a0\u00a0\u00a0\u00a0\u00a0\u00a0\u00a0 14,00 \u20ac<\/strong><\/p>\n<p>\u2022 Vorw\u00e4sche \u2022 Aktivschaum \u2022 Waschen \u2022 <strong>Felgenreinigung<\/strong> \u2022 <strong>Schaumglanzpolitur<\/strong> \u2022 Trocknen<\/p>\n<p><strong>- Komfort\u00a0\u00a0\u00a0\u00a0\u00a0\u00a0\u00a0\u00a0\u00a0 \u00a0\u00a0 \u00a0 12,00 \u20ac<\/strong><\/p>\n<p>\u2022 Vorw\u00e4sche \u2022 Aktivschaum \u2022 Waschen \u2022 Langzeitwachs \u2022 <strong>Felgenreinigung<\/strong> \u2022 Trocknen<\/p>\n<p><strong>- Basis \u00a0\u00a0\u00a0\u00a0\u00a0\u00a0\u00a0\u00a0 \u00a0\u00a0 \u00a0 10,00 \u20ac<\/strong><\/p>\n<p>\u2022 Vorw\u00e4sche \u2022 Aktivschaum \u2022 Waschen \u2022 Trocknen<\/p>\n<p><strong>Unterbodenw\u00e4sche optional zu jedem Programm : + 1,50 \u20ac<\/strong><\/p>\n<\/div>\n<\/div><\/div><\/div><\/div><div id=\"pgc-364-0-1\"  class=\"panel-grid-cell\" ><div id=\"panel-364-0-1-0\" class=\"so-panel widget widget_media_image panel-first-child panel-last-child\" data-index=\"1\" ><img fetchpriority=\"high\" decoding=\"async\" width=\"1024\" height=\"426\" src=\"https:\/\/kopius.de\/wp-content\/uploads\/2018\/02\/cropped-Waschstrasse-1-1024x426.webp\" class=\"image wp-image-372  attachment-large size-large\" alt=\"\" style=\"max-width: 100%; height: auto;\" srcset=\"https:\/\/kopius.de\/wp-content\/uploads\/2018\/02\/cropped-Waschstrasse-1-1024x426.webp 1024w, https:\/\/kopius.de\/wp-content\/uploads\/2018\/02\/cropped-Waschstrasse-1-300x125.webp 300w, https:\/\/kopius.de\/wp-content\/uploads\/2018\/02\/cropped-Waschstrasse-1-768x320.webp 768w, https:\/\/kopius.de\/wp-content\/uploads\/2018\/02\/cropped-Waschstrasse-1.webp 1920w\" sizes=\"(max-width: 1024px) 100vw, 1024px\" \/><\/div><\/div><\/div><\/div>","protected":false},"excerpt":{"rendered":"<p>In unserer modernen Waschstra\u00dfe wird ihr Fahrzeug gr\u00fcndlich gereinigt. Nach dem einer unserer Mitarbeiter eine gr\u00fcndliche Vorw\u00e4sche gemacht hat wird ihr Auto voll automatisch durch die Anlage gezogen und gewaschen. Neue Textilb\u00fcrsten schonen den Lack und ein breites Kunstsofff\u00f6rderband ihre Felgen. Auf Wunsch k\u00f6nnen Sie unser Premium Waschprogramm w\u00e4hlen und ihren Wagen mit der neuen&hellip; <br \/> <a class=\"read-more\" href=\"https:\/\/kopius.de\/?page_id=364\">Weiterlesen<\/a><\/p>\n","protected":false},"author":2,"featured_media":729,"parent":0,"menu_order":0,"comment_status":"closed","ping_status":"closed","template":"","meta":{"footnotes":""},"class_list":["post-364","page","type-page","status-publish","has-post-thumbnail","hentry"],"jetpack_sharing_enabled":true,"_links":{"self":[{"href":"https:\/\/kopius.de\/index.php?rest_route=\/wp\/v2\/pages\/364","targetHints":{"allow":["GET"]}}],"collection":[{"href":"https:\/\/kopius.de\/index.php?rest_route=\/wp\/v2\/pages"}],"about":[{"href":"https:\/\/kopius.de\/index.php?rest_route=\/wp\/v2\/types\/page"}],"author":[{"embeddable":true,"href":"https:\/\/kopius.de\/index.php?rest_route=\/wp\/v2\/users\/2"}],"replies":[{"embeddable":true,"href":"https:\/\/kopius.de\/index.php?rest_route=%2Fwp%2Fv2%2Fcomments&post=364"}],"version-history":[{"count":27,"href":"https:\/\/kopius.de\/index.php?rest_route=\/wp\/v2\/pages\/364\/revisions"}],"predecessor-version":[{"id":1157,"href":"https:\/\/kopius.de\/index.php?rest_route=\/wp\/v2\/pages\/364\/revisions\/1157"}],"wp:featuredmedia":[{"embeddable":true,"href":"https:\/\/kopius.de\/index.php?rest_route=\/wp\/v2\/media\/729"}],"wp:attachment":[{"href":"https:\/\/kopius.de\/index.php?rest_route=%2Fwp%2Fv2%2Fmedia&parent=364"}],"curies":[{"name":"wp","href":"https:\/\/api.w.org\/{rel}","templated":true}]}}