{"id":548,"date":"2018-03-27T23:54:32","date_gmt":"2018-03-27T22:54:32","guid":{"rendered":"http:\/\/blog.kopius.de\/?page_id=548"},"modified":"2018-05-23T23:15:28","modified_gmt":"2018-05-23T21:15:28","slug":"impressum-neu","status":"publish","type":"page","link":"https:\/\/kopius.de\/?page_id=548","title":{"rendered":"Impressum"},"content":{"rendered":"<p><strong>Adresse<\/strong><br \/>\nAutohaus Kopius GmbH<br \/>\nAdam Opel Stra\u00dfe 11-13<br \/>\n33181 Bad W\u00fcnnenberg &#8211; Haaren<br \/>\nNRW<\/p>\n<p><strong>Vertreten durch:<\/strong><br \/>\nDie Autohaus Kopius GmbH, die ihrerseits vertreten wird durch den Gesch\u00e4ftsf\u00fchrer Andreas Kopius<\/p>\n<p><strong>Registereintrag der Autohaus Kopius GmbH:<\/strong><br \/>\nEintragung im Handelsregister.<br \/>\nRegistergericht: Amtsgericht Paderborn<br \/>\nRegisternummer: HR 1928<\/p>\n<p><strong>Kontakt:<\/strong><br \/>\nTelefon: 02957 \/ 99 909<br \/>\nTelefax: 02957 &#8211; 99 911<br \/>\nE-Mail: <a href=\"mailto:info@kopius.de\">info@kopius.de<\/a><\/p>\n<p><strong>Umsatzsteuer-Identifikationsnummer:<\/strong><br \/>\nUSt.ID.nr. gem\u00e4\u00df \u00a7 27 a Umsatzsteuergesetz: DE 126332549<\/p>\n<p><strong>Gestaltung und Programmierung:<\/strong><\/p>\n<ul>\n<li>Michael Suren<\/li>\n<li>Michael Kopius<\/li>\n<li>Christoph Kopius<\/li>\n<\/ul>\n<p><strong>Datenschutz<\/strong><br \/>\nSie interessieren sich f\u00fcr den Datenschutz bei der Autohaus Kopius GmbH? Informieren Sie sich bitte <a href=\"https:\/\/kopius.de\/?page_id=522\">hier<\/a>.<\/p>\n<p><strong>Inhalte dieser Website<\/strong><br \/>\nDie Inhalte dieser Website werden mit gr\u00f6\u00dftm\u00f6glicher Sorgfalt verfasst. Wir versuchen richtige, vollst\u00e4ndige und aktuelle Inhalte bereitzustellen. Wir \u00fcbernehmen keine Haftung f\u00fcr fremde Inhalte, z.B. namentlich gekennzeichnete Presseartikel.<br \/>\nWir \u00fcbernehmen zudem keine Haftung f\u00fcr Irrt\u00fcmer und \u00c4nderungen, insbesondere bei technischen Daten, Farbabweichungen, Produktbeschreibungen, Zins- und Preisangaben f\u00fcr die Angebote der Fahrzeuge und Ersatzteile.<\/p>\n<p><strong>Urheberrechtshinweis<\/strong><br \/>\nDie Inhalte auf dieser und den \u00fcbrigen Seiten (einschlie\u00dflich der Texte, Bilder, Graphiken- und Animationsdateien) sowie die Gestaltung der Seiten unterliegen dem Urheberrecht der Autohaus Kopius GmbH. Die kommerzielle Verwertung (z.B. Verbreitung, Bearbeitung oder Wiedergabe auf anderen Internetseiten) ist nur mit unserer schriftlichen vorherigen Zustimmung zul\u00e4ssig.<\/p>\n<p><strong>Links<\/strong><br \/>\nDiese Website enth\u00e4lt Verkn\u00fcpfungen zu Websites Dritter (&#8222;externe Links&#8220;). Wir haben bei der erstmaligen Verkn\u00fcpfung der externen Links die fremden Inhalte daraufhin \u00fcberpr\u00fcft, ob etwaige Rechtsverst\u00f6\u00dfe bestehen. Zu dem Zeitpunkt waren keine Rechtsverst\u00f6\u00dfe ersichtlich. Wir haben aber keinerlei Einfluss auf die aktuelle und zuk\u00fcnftige Gestaltung und auf die Inhalte oder Angebote der verkn\u00fcpften Seiten. Bei Kenntnis von Rechtsverst\u00f6\u00dfen werden externe Links unverz\u00fcglich gel\u00f6scht. Bitte weisen Sie uns gegebenenfalls daraufhin.<\/p>\n<p><strong>Kein Vertragsverh\u00e4ltnis<\/strong><br \/>\nMit der Nutzung dieser Website kommt kein Vertragsverh\u00e4ltnis oder ein quasi- oder vorvertragliches Verh\u00e4ltnis zwischen Ihnen und uns zustande.<\/p>\n","protected":false},"excerpt":{"rendered":"<p>Adresse Autohaus Kopius GmbH Adam Opel Stra\u00dfe 11-13 33181 Bad W\u00fcnnenberg &#8211; Haaren NRW Vertreten durch: Die Autohaus Kopius GmbH, die ihrerseits vertreten wird durch den Gesch\u00e4ftsf\u00fchrer Andreas Kopius Registereintrag der Autohaus Kopius GmbH: Eintragung im Handelsregister. Registergericht: Amtsgericht Paderborn Registernummer: HR 1928 Kontakt: Telefon: 02957 \/ 99 909 Telefax: 02957 &#8211; 99 911 E-Mail:&hellip; <br \/> <a class=\"read-more\" href=\"https:\/\/kopius.de\/?page_id=548\">Weiterlesen<\/a><\/p>\n","protected":false},"author":1,"featured_media":0,"parent":0,"menu_order":0,"comment_status":"closed","ping_status":"closed","template":"","meta":{"footnotes":""},"class_list":["post-548","page","type-page","status-publish","hentry"],"jetpack_sharing_enabled":true,"_links":{"self":[{"href":"https:\/\/kopius.de\/index.php?rest_route=\/wp\/v2\/pages\/548","targetHints":{"allow":["GET"]}}],"collection":[{"href":"https:\/\/kopius.de\/index.php?rest_route=\/wp\/v2\/pages"}],"about":[{"href":"https:\/\/kopius.de\/index.php?rest_route=\/wp\/v2\/types\/page"}],"author":[{"embeddable":true,"href":"https:\/\/kopius.de\/index.php?rest_route=\/wp\/v2\/users\/1"}],"replies":[{"embeddable":true,"href":"https:\/\/kopius.de\/index.php?rest_route=%2Fwp%2Fv2%2Fcomments&post=548"}],"version-history":[{"count":9,"href":"https:\/\/kopius.de\/index.php?rest_route=\/wp\/v2\/pages\/548\/revisions"}],"predecessor-version":[{"id":553,"href":"https:\/\/kopius.de\/index.php?rest_route=\/wp\/v2\/pages\/548\/revisions\/553"}],"wp:attachment":[{"href":"https:\/\/kopius.de\/index.php?rest_route=%2Fwp%2Fv2%2Fmedia&parent=548"}],"curies":[{"name":"wp","href":"https:\/\/api.w.org\/{rel}","templated":true}]}}