{"id":67,"date":"2018-02-03T16:18:50","date_gmt":"2018-02-03T14:18:50","guid":{"rendered":"http:\/\/blog.kopius.de\/?page_id=67"},"modified":"2024-09-23T09:13:54","modified_gmt":"2024-09-23T07:13:54","slug":"startseite","status":"publish","type":"page","link":"https:\/\/kopius.de\/","title":{"rendered":"Herzlich Willkommen"},"content":{"rendered":"<div id=\"pl-67\"  class=\"panel-layout\" ><div id=\"pg-67-0\"  class=\"panel-grid panel-no-style\" ><div id=\"pgc-67-0-0\"  class=\"panel-grid-cell\" ><div id=\"panel-67-0-0-0\" class=\"so-panel widget widget_sow-headline panel-first-child panel-last-child\" data-index=\"0\" ><div class=\"panel-widget-style panel-widget-style-for-67-0-0-0\" ><div\n\t\t\t\n\t\t\tclass=\"so-widget-sow-headline so-widget-sow-headline-default-ea0af4cf39ae-67\"\n\t\t\t\n\t\t><div class=\"sow-headline-container \">\n\t\t\t\t\t\t\t<h1 class=\"sow-headline\">\n\t\t\t\t\t\tHerzlich Willkommen im Autohaus Kopius\t\t\t\t\t\t<\/h1>\n\t\t\t\t\t\t\t\t\t\t\t<div class=\"decoration\">\n\t\t\t\t\t\t<div class=\"decoration-inside\"><\/div>\n\t\t\t\t\t<\/div>\n\t\t\t\t\t<\/div>\n<\/div><\/div><\/div><\/div><\/div><div id=\"pg-67-1\"  class=\"panel-grid panel-no-style\" ><div id=\"pgc-67-1-0\"  class=\"panel-grid-cell\" ><div id=\"panel-67-1-0-0\" class=\"so-panel widget widget_sow-editor panel-first-child panel-last-child\" data-index=\"1\" ><div class=\"panel-widget-style panel-widget-style-for-67-1-0-0\" ><div\n\t\t\t\n\t\t\tclass=\"so-widget-sow-editor so-widget-sow-editor-base\"\n\t\t\t\n\t\t>\n<div class=\"siteorigin-widget-tinymce textwidget\">\n\t<p style=\"text-align: center;\"><strong>Bei uns dreht sich alles um Ihr Auto.\u00a0<\/strong><\/p>\n<p style=\"text-align: center;\"><strong>Von Service, Reparaturen oder Lackierungen bis hin zur vollst\u00e4ndigen Fahrzeugpflege oder einem Abschleppservice bie<dfn class=\"dictionary-of-numbers\">ten wir ihnen ein <\/dfn>breites Spektrum an Dienstleistungen.<\/strong><\/p>\n<p style=\"text-align: center;\"><strong>Sind Sie auf der Suche nach einem Neu- oder Gebrauchtwagen ?\u00a0 <\/strong><\/p>\n<p style=\"text-align: center;\"><strong>Bei uns sind Sie genau richtig. Wir bera<dfn class=\"dictionary-of-numbers\">ten Sie gerne<\/dfn>. Vom deutschen Neuwagen \u00fcber EU- Neufahrzeuge bis hin zum g\u00fcnstigen Gebrauchtwagen werden Sie bei uns f\u00fcndig.<\/strong><\/p>\n<p style=\"text-align: center;\"><strong>Sprechen Sie uns an.<\/strong><\/p>\n<p style=\"text-align: left;\">\n<\/div>\n<\/div><\/div><\/div><\/div><div id=\"pgc-67-1-1\"  class=\"panel-grid-cell\" ><div id=\"panel-67-1-1-0\" class=\"so-panel widget widget_sow-editor panel-first-child panel-last-child\" data-index=\"2\" ><div class=\"panel-widget-style panel-widget-style-for-67-1-1-0\" ><div\n\t\t\t\n\t\t\tclass=\"so-widget-sow-editor so-widget-sow-editor-base\"\n\t\t\t\n\t\t>\n<div class=\"siteorigin-widget-tinymce textwidget\">\n\t<p style=\"text-align: center;\"><strong>Autohaus Kopius GmbH<\/strong><\/p>\n<p style=\"text-align: center;\"><strong>Adam-Opel Stra\u00dfe 11-13<br \/>\n<\/strong><\/p>\n<p style=\"text-align: center;\"><strong>Tel: 02957\/99909<\/strong><\/p>\n<p style=\"text-align: center;\"><strong>Fax: 02957\/99911<\/strong><\/p>\n<p style=\"text-align: center;\"><strong>Email:\u00a0<a href=\"mailto:info@kopius.de\">info@kopius.de<\/a><br \/>\n<\/strong><\/p>\n<p style=\"text-align: center;\"><strong>\u00d6ffnungszeiten:<\/strong><\/p>\n<p style=\"text-align: center;\"><strong>Montags bis Freitags von 07:30<dfn class=\"dictionary-of-numbers\">\u00a0bis\u00a0<\/dfn>16:0<dfn class=\"dictionary-of-numbers\">0 Uhr<\/dfn><\/strong><\/p>\n<p style=\"text-align: center;\"><strong>Samstag: 09:<dfn class=\"dictionary-of-numbers\">00 bis\u00a0<\/dfn>12:30<dfn class=\"dictionary-of-numbers\">\u00a0Uhr <\/dfn>(<dfn class=\"dictionary-of-numbers\">Waschstra<\/dfn>\u00dfe)<\/strong><\/p>\n<\/div>\n<\/div><\/div><\/div><\/div><\/div><div id=\"pg-67-2\"  class=\"panel-grid panel-no-style\" ><div id=\"pgc-67-2-0\"  class=\"panel-grid-cell\" ><div id=\"panel-67-2-0-0\" class=\"so-panel widget widget_sow-image panel-first-child panel-last-child\" data-index=\"3\" ><div\n\t\t\t\n\t\t\tclass=\"so-widget-sow-image so-widget-sow-image-default-113ccd71f3e6-67\"\n\t\t\t\n\t\t>\n\n<div class=\"sow-image-container\">\n\t\t\t<a href=\"https:\/\/kopius.de\/?page_id=139\"\n\t\t\t\t\t>\n\t\t\t<img decoding=\"async\" src=\"https:\/\/kopius.de\/wp-content\/uploads\/2019\/02\/IMG_1309-150x150.webp\" width=\"150\" height=\"150\" sizes=\"(max-width: 150px) 100vw, 150px\" title=\"Fahrzeuge\" alt=\"\" \t\tclass=\"so-widget-image\"\/>\n\t<\/a><\/div>\n\n<h3 class=\"widget-title\">Fahrzeuge<\/h3><\/div><\/div><\/div><div id=\"pgc-67-2-1\"  class=\"panel-grid-cell\" ><div id=\"panel-67-2-1-0\" class=\"so-panel widget widget_sow-image panel-first-child panel-last-child\" data-index=\"4\" ><div\n\t\t\t\n\t\t\tclass=\"so-widget-sow-image so-widget-sow-image-default-113ccd71f3e6-67\"\n\t\t\t\n\t\t>\n\n<div class=\"sow-image-container\">\n\t\t\t<a href=\"https:\/\/kopius.de\/?page_id=153\"\n\t\t\t\t\t>\n\t\t\t<img decoding=\"async\" src=\"https:\/\/kopius.de\/wp-content\/uploads\/2018\/02\/IMG_9526-150x150.webp\" width=\"150\" height=\"150\" sizes=\"(max-width: 150px) 100vw, 150px\" title=\"Werkstatt \/ Service\" alt=\"\" \t\tclass=\"so-widget-image\"\/>\n\t<\/a><\/div>\n\n<h3 class=\"widget-title\">Werkstatt \/ Service<\/h3><\/div><\/div><\/div><div id=\"pgc-67-2-2\"  class=\"panel-grid-cell\" ><div id=\"panel-67-2-2-0\" class=\"so-panel widget widget_sow-image panel-first-child panel-last-child\" data-index=\"5\" ><div\n\t\t\t\n\t\t\tclass=\"so-widget-sow-image so-widget-sow-image-default-113ccd71f3e6-67\"\n\t\t\t\n\t\t>\n\n<div class=\"sow-image-container\">\n\t\t\t<a href=\"https:\/\/kopius.de\/?page_id=362\"\n\t\t\t\t\t>\n\t\t\t<img decoding=\"async\" src=\"https:\/\/kopius.de\/wp-content\/uploads\/2018\/02\/Lackiererei-4-150x150.webp\" width=\"150\" height=\"150\" sizes=\"(max-width: 150px) 100vw, 150px\" title=\"Lackiererei\" alt=\"\" \t\tclass=\"so-widget-image\"\/>\n\t<\/a><\/div>\n\n<h3 class=\"widget-title\">Lackiererei<\/h3><\/div><\/div><\/div><div id=\"pgc-67-2-3\"  class=\"panel-grid-cell\" ><div id=\"panel-67-2-3-0\" class=\"so-panel widget widget_sow-image panel-first-child panel-last-child\" data-index=\"6\" ><div\n\t\t\t\n\t\t\tclass=\"so-widget-sow-image so-widget-sow-image-default-113ccd71f3e6-67\"\n\t\t\t\n\t\t>\n\n<div class=\"sow-image-container\">\n\t\t\t<a href=\"https:\/\/kopius.de\/?page_id=364\"\n\t\t\t\t\t>\n\t\t\t<img loading=\"lazy\" decoding=\"async\" src=\"https:\/\/kopius.de\/wp-content\/uploads\/2018\/02\/Waschstrasse-1-150x150.webp\" width=\"150\" height=\"150\" sizes=\"(max-width: 150px) 100vw, 150px\" title=\"Waschstra\u00dfe\" alt=\"\" \t\tclass=\"so-widget-image\"\/>\n\t<\/a><\/div>\n\n<h3 class=\"widget-title\">Waschstra\u00dfe<\/h3><\/div><\/div><\/div><div id=\"pgc-67-2-4\"  class=\"panel-grid-cell\" ><div id=\"panel-67-2-4-0\" class=\"so-panel widget widget_sow-image panel-first-child panel-last-child\" data-index=\"7\" ><div\n\t\t\t\n\t\t\tclass=\"so-widget-sow-image so-widget-sow-image-default-113ccd71f3e6-67\"\n\t\t\t\n\t\t>\n\n<div class=\"sow-image-container\">\n\t\t\t<a href=\"https:\/\/kopius.de\/?page_id=174\"\n\t\t\t\t\t>\n\t\t\t<img loading=\"lazy\" decoding=\"async\" src=\"https:\/\/kopius.de\/wp-content\/uploads\/2018\/02\/20120422_171702-150x150.webp\" width=\"150\" height=\"150\" sizes=\"(max-width: 150px) 100vw, 150px\" title=\"Bergedienst\" alt=\"\" \t\tclass=\"so-widget-image\"\/>\n\t<\/a><\/div>\n\n<h3 class=\"widget-title\">Bergedienst<\/h3><\/div><\/div><\/div><\/div><\/div>","protected":false},"excerpt":{"rendered":"<p>Bei uns dreht sich alles um Ihr Auto.\u00a0 Von Service, Reparaturen oder Lackierungen bis hin zur vollst\u00e4ndigen Fahrzeugpflege oder einem Abschleppservice bieten wir ihnen ein breites Spektrum an Dienstleistungen. Sind Sie auf der Suche nach einem Neu- oder Gebrauchtwagen ?\u00a0 Bei uns sind Sie genau richtig. Wir beraten Sie gerne. Vom deutschen Neuwagen \u00fcber EU-&hellip; <br \/> <a class=\"read-more\" href=\"https:\/\/kopius.de\/\">Weiterlesen<\/a><\/p>\n","protected":false},"author":3,"featured_media":1160,"parent":0,"menu_order":0,"comment_status":"closed","ping_status":"closed","template":"","meta":{"footnotes":""},"class_list":["post-67","page","type-page","status-publish","has-post-thumbnail","hentry"],"jetpack_sharing_enabled":true,"_links":{"self":[{"href":"https:\/\/kopius.de\/index.php?rest_route=\/wp\/v2\/pages\/67","targetHints":{"allow":["GET"]}}],"collection":[{"href":"https:\/\/kopius.de\/index.php?rest_route=\/wp\/v2\/pages"}],"about":[{"href":"https:\/\/kopius.de\/index.php?rest_route=\/wp\/v2\/types\/page"}],"author":[{"embeddable":true,"href":"https:\/\/kopius.de\/index.php?rest_route=\/wp\/v2\/users\/3"}],"replies":[{"embeddable":true,"href":"https:\/\/kopius.de\/index.php?rest_route=%2Fwp%2Fv2%2Fcomments&post=67"}],"version-history":[{"count":126,"href":"https:\/\/kopius.de\/index.php?rest_route=\/wp\/v2\/pages\/67\/revisions"}],"predecessor-version":[{"id":1162,"href":"https:\/\/kopius.de\/index.php?rest_route=\/wp\/v2\/pages\/67\/revisions\/1162"}],"wp:featuredmedia":[{"embeddable":true,"href":"https:\/\/kopius.de\/index.php?rest_route=\/wp\/v2\/media\/1160"}],"wp:attachment":[{"href":"https:\/\/kopius.de\/index.php?rest_route=%2Fwp%2Fv2%2Fmedia&parent=67"}],"curies":[{"name":"wp","href":"https:\/\/api.w.org\/{rel}","templated":true}]}}