{"id":809,"date":"2019-01-09T17:07:27","date_gmt":"2019-01-09T15:07:27","guid":{"rendered":"https:\/\/kopius.de\/?page_id=809"},"modified":"2020-09-19T13:03:58","modified_gmt":"2020-09-19T11:03:58","slug":"ausbildung","status":"publish","type":"page","link":"https:\/\/kopius.de\/?page_id=809","title":{"rendered":"Ausbildung"},"content":{"rendered":"<div id=\"pl-809\"  class=\"panel-layout\" ><div id=\"pg-809-0\"  class=\"panel-grid panel-no-style\" ><div id=\"pgc-809-0-0\"  class=\"panel-grid-cell\" ><div id=\"panel-809-0-0-0\" class=\"so-panel widget widget_sow-editor panel-first-child panel-last-child\" data-index=\"0\" ><div class=\"panel-widget-style panel-widget-style-for-809-0-0-0\" ><div\n\t\t\t\n\t\t\tclass=\"so-widget-sow-editor so-widget-sow-editor-base\"\n\t\t\t\n\t\t>\n<div class=\"siteorigin-widget-tinymce textwidget\">\n\t<p><strong>Kraftfahrzeugmechatroniker (m\/w\/d)<\/strong><\/p>\n<p>In unserer Meisterwerkstatt f\u00fcr alle Fahrzeugmarken f\u00fchren wir Wartungs- und Instandsetzungausgaben an nahezu allen Fabrikaten durch. Au\u00dferdem haben wir auch unsere eigene Lackiererei im Haus, betreiben einen Autohandel und haben einen Berge- und Abschleppdienst. Bei uns dreht sich alles ums Auto. Der Kraftfahrzeugmechatroniker ist der perfekte Einstieg in einen Beruf mit Perspektive.<\/p>\n<p>&nbsp;<\/p>\n<p><u>Du hast<\/u><\/p>\n<ul>\n<li>Spa\u00df an Autos, Technik und Elektronik<\/li>\n<li>handwerkliches Geschick<\/li>\n<li>Kenntnisse am Computer<\/li>\n<li>Spa\u00df am Arbeiten in einem motivierten Team<\/li>\n<\/ul>\n<p>&nbsp;<\/p>\n<p><u>Es erwartet dich<\/u><\/p>\n<ul>\n<li>spannende und abwechslungsreiche Aufgaben<\/li>\n<li>ein modernes und gut ausgestattetes Autohaus<\/li>\n<li>nette und hilfsbereite Arbeitskollegen<\/li>\n<li>Einblicke auch in andere Abteilungen eines Autohauses<\/li>\n<\/ul>\n<p>&nbsp;<\/p>\n<p>Du m\u00f6chtest bei uns durchstarten? Dann schick uns deine Bewerbung an <a href=\"mailto:info@kopius.de\">info@kopius.de<\/a> oder per Post. Gerne darfst du auch pers\u00f6nlich bei uns vorbei schauen.<\/p>\n<\/div>\n<\/div><\/div><\/div><\/div><div id=\"pgc-809-0-1\"  class=\"panel-grid-cell\" ><div id=\"panel-809-0-1-0\" class=\"so-panel widget widget_sow-editor panel-first-child panel-last-child\" data-index=\"1\" ><div class=\"panel-widget-style panel-widget-style-for-809-0-1-0\" ><div\n\t\t\t\n\t\t\tclass=\"so-widget-sow-editor so-widget-sow-editor-base\"\n\t\t\t\n\t\t>\n<div class=\"siteorigin-widget-tinymce textwidget\">\n\t<p><strong>Fahrzeuglackierer (m\/w\/d)<\/strong><\/p>\n<p>In unserer Lackiererei f\u00fchren wir Reparaturlackierungen bis hin zu Ganzlackierungen von PKW und Nutzfahrzeugen durch. Auch im Bereich der Industrielackierung und im Smart Repair sind wir gut aufgestellt. Fahrzeuglackierer beseitigen Lack- und Karosseriesch\u00e4den und sorgen f\u00fcr das perfekte Ergebnis. Wenn du dich f\u00fcr die Optik von Autos, Farben und Oberfl\u00e4chen begeistern kannst, bist du in diesem Beruf genau richtig.<\/p>\n<p>&nbsp;<\/p>\n<p><u>Du hast<\/u><\/p>\n<ul>\n<li>Spa\u00df am Umgang mit Farben und Lacken<\/li>\n<li>handwerkliches Geschick<\/li>\n<li>Kenntnisse am Computer<\/li>\n<li>Spa\u00df am Arbeiten in einem motivierten Team<\/li>\n<\/ul>\n<p>&nbsp;<\/p>\n<p><u>Es erwartet dich<\/u><\/p>\n<ul>\n<li>spannende und abwechslungsreiche Aufgaben<\/li>\n<li>eine moderne und gut ausgestattete Lackiererei<\/li>\n<li>nette und hilfsbereite Arbeitskollegen<\/li>\n<li>ein attraktiver Ausbildungsplatz mit guten \u00dcbernahmem\u00f6glichkeiten<\/li>\n<\/ul>\n<p>&nbsp;<\/p>\n<p>Du m\u00f6chtest bei uns durchstarten? Dann schick uns deine Bewerbung an <a href=\"mailto:info@kopius.de\">info@kopius.de<\/a> oder per Post. Gerne darfst du auch pers\u00f6nlich bei uns vorbei schauen.<\/p>\n<\/div>\n<\/div><\/div><\/div><\/div><\/div><\/div>","protected":false},"excerpt":{"rendered":"<p>Kraftfahrzeugmechatroniker (m\/w\/d) In unserer Meisterwerkstatt f\u00fcr alle Fahrzeugmarken f\u00fchren wir Wartungs- und Instandsetzungausgaben an nahezu allen Fabrikaten durch. Au\u00dferdem haben wir auch unsere eigene Lackiererei im Haus, betreiben einen Autohandel und haben einen Berge- und Abschleppdienst. Bei uns dreht sich alles ums Auto. Der Kraftfahrzeugmechatroniker ist der perfekte Einstieg in einen Beruf mit Perspektive. &nbsp;&hellip; <br \/> <a class=\"read-more\" href=\"https:\/\/kopius.de\/?page_id=809\">Weiterlesen<\/a><\/p>\n","protected":false},"author":2,"featured_media":0,"parent":0,"menu_order":0,"comment_status":"closed","ping_status":"closed","template":"","meta":{"footnotes":""},"class_list":["post-809","page","type-page","status-publish","hentry"],"jetpack_sharing_enabled":true,"_links":{"self":[{"href":"https:\/\/kopius.de\/index.php?rest_route=\/wp\/v2\/pages\/809","targetHints":{"allow":["GET"]}}],"collection":[{"href":"https:\/\/kopius.de\/index.php?rest_route=\/wp\/v2\/pages"}],"about":[{"href":"https:\/\/kopius.de\/index.php?rest_route=\/wp\/v2\/types\/page"}],"author":[{"embeddable":true,"href":"https:\/\/kopius.de\/index.php?rest_route=\/wp\/v2\/users\/2"}],"replies":[{"embeddable":true,"href":"https:\/\/kopius.de\/index.php?rest_route=%2Fwp%2Fv2%2Fcomments&post=809"}],"version-history":[{"count":7,"href":"https:\/\/kopius.de\/index.php?rest_route=\/wp\/v2\/pages\/809\/revisions"}],"predecessor-version":[{"id":981,"href":"https:\/\/kopius.de\/index.php?rest_route=\/wp\/v2\/pages\/809\/revisions\/981"}],"wp:attachment":[{"href":"https:\/\/kopius.de\/index.php?rest_route=%2Fwp%2Fv2%2Fmedia&parent=809"}],"curies":[{"name":"wp","href":"https:\/\/api.w.org\/{rel}","templated":true}]}}